{"id":2,"date":"2026-01-24T21:12:33","date_gmt":"2026-01-24T21:12:33","guid":{"rendered":"http:\/\/squash-alice-and-coco.world\/?page_id=2"},"modified":"2026-02-15T16:38:49","modified_gmt":"2026-02-15T15:38:49","slug":"sample-page","status":"publish","type":"page","link":"https:\/\/squash-alice-and-coco.world\/","title":{"rendered":"Bienvenue !"},"content":{"rendered":"\n<div data-wp-context=\"{ &quot;autoclose&quot;: false, &quot;accordionItems&quot;: [] }\" data-wp-interactive=\"core\/accordion\" role=\"group\" class=\"wp-block-accordion is-layout-flow wp-block-accordion-is-layout-flow\">\n<div data-wp-class--is-open=\"state.isOpen\" data-wp-context=\"{ &quot;id&quot;: &quot;accordion-item-1&quot;, &quot;openByDefault&quot;: false }\" data-wp-init=\"callbacks.initAccordionItems\" data-wp-on-window--hashchange=\"callbacks.hashChange\" class=\"wp-block-accordion-item is-layout-flow wp-block-accordion-item-is-layout-flow\">\n<h3 class=\"wp-block-accordion-heading\"><button aria-expanded=\"false\" aria-controls=\"accordion-item-1-panel\" data-wp-bind--aria-expanded=\"state.isOpen\" data-wp-on--click=\"actions.toggle\" data-wp-on--keydown=\"actions.handleKeyDown\" id=\"accordion-item-1\" type=\"button\" class=\"wp-block-accordion-heading__toggle\"><span class=\"wp-block-accordion-heading__toggle-title\"><strong>English version<\/strong><\/span><span class=\"wp-block-accordion-heading__toggle-icon\" aria-hidden=\"true\">+<\/span><\/button><\/h3>\n\n\n\n<div inert aria-labelledby=\"accordion-item-1\" data-wp-bind--inert=\"!state.isOpen\" id=\"accordion-item-1-panel\" role=\"region\" class=\"wp-block-accordion-panel is-layout-flow wp-block-accordion-panel-is-layout-flow\">\n<h2 class=\"wp-block-heading\">\u2728Support two young Walloon hopes on their way to a sporting dream!\u2728<\/h2>\n\n\n\n<p><a style=\"color:rgb(0,0,0);text-decoration:none\" href=\"https:\/\/squash-alice-and-coco.world\/index.php\/les-sportifs\/\" data-type=\"page\" data-id=\"22\"><strong>Alice Allard and Corentin Boniver<\/strong><\/a>, two young athletes passionate about squash, have been working for years with determination and ambition. Always ready to push their limits, they have dedicated their youth to high-level sport.<br>Today, a great opportunity arises: as of July 2026, in Canada, they will take part in the Junior World Squash Championship \u2014 a true crowning of their junior years. By their side, they will be able to count on the experience and support of Annabel Romedenne, a recognized national and Walloon coach, who will accompany them on this adventure.<br>But high-level sport is expensive. Travel, accommodations, registration, equipment\u2026 every contribution, big or small, brings them closer to their goal and allows them to proudly represent Belgium and Wallonia on the international stage. These days, squash is not as popular as it used to be and has a limited budget. In this context, the federations are not able to financially support for world events such as this one. Nonetheless, they continue to support them in terms of visibility and sporting recognition.<br><\/p>\n\n\n\n<p>By <a href=\"https:\/\/squash-alice-and-coco.world\/index.php\/nous-soutenir\/\" data-type=\"page\" data-id=\"64\" style=\"color:rgb(0,0,0);text-decoration:none\"><strong>supporting this project<\/strong><\/a>, you are not only financing a trip:<br>You are offering Alice and Corentin the chance to complete their junior journey in the best possible way.<br>You are supporting two dynamic young people who embody hard work, perseverance, and passion.<br>You are helping to write a page of Walloon sport that will inspire their future careers and will, without a doubt, encourage other future champions to dream bigger and set new goals.<\/p>\n\n\n\n<p>Together, let\u2019s help them take this final step towards their dream. Thank you in advance to all those who will contribute to making this goal a reality! <br>The target amount to be collected is 10.000 \u20ac. This is an estimate of the sum that will be necessary in order to make this great project a reality as a whole. Each small or larger contribution is important.<\/p>\n<\/div>\n<\/div>\n<\/div>\n\n\n\n<div data-wp-context=\"{ &quot;autoclose&quot;: false, &quot;accordionItems&quot;: [] }\" data-wp-interactive=\"core\/accordion\" role=\"group\" class=\"wp-block-accordion is-layout-flow wp-block-accordion-is-layout-flow\">\n<div data-wp-class--is-open=\"state.isOpen\" data-wp-context=\"{ &quot;id&quot;: &quot;accordion-item-2&quot;, &quot;openByDefault&quot;: false }\" data-wp-init=\"callbacks.initAccordionItems\" data-wp-on-window--hashchange=\"callbacks.hashChange\" class=\"wp-block-accordion-item is-layout-flow wp-block-accordion-item-is-layout-flow\">\n<h3 class=\"wp-block-accordion-heading\"><button aria-expanded=\"false\" aria-controls=\"accordion-item-2-panel\" data-wp-bind--aria-expanded=\"state.isOpen\" data-wp-on--click=\"actions.toggle\" data-wp-on--keydown=\"actions.handleKeyDown\" id=\"accordion-item-2\" type=\"button\" class=\"wp-block-accordion-heading__toggle\"><span class=\"wp-block-accordion-heading__toggle-title\"><strong>Nederlandstalige versie<\/strong><\/span><span class=\"wp-block-accordion-heading__toggle-icon\" aria-hidden=\"true\">+<\/span><\/button><\/h3>\n\n\n\n<div inert aria-labelledby=\"accordion-item-2\" data-wp-bind--inert=\"!state.isOpen\" id=\"accordion-item-2-panel\" role=\"region\" class=\"wp-block-accordion-panel is-layout-flow wp-block-accordion-panel-is-layout-flow\">\n<h2 class=\"wp-block-heading\">\u2728Steun onze twee Belgische kampioenen op weg naar een sportieve droom!\u2728<\/h2>\n\n\n\n<p><a href=\"https:\/\/squash-alice-and-coco.world\/index.php\/les-sportifs\/\" data-type=\"page\" data-id=\"22\" style=\"color:rgb(0,0,0);text-decoration:none\"><strong>Alice Allard en Corentin Boniver<\/strong><\/a>, twee jonge en gepassioneerde squashatleten, werken al jaren met vastberadenheid en ambitie. Altijd bereid om hun grenzen te verleggen, hebben zij hun jeugd gewijd aan topsport.<br>Vandaag doet zich een prachtige kans voor: in juli 2026 deelnemen aan het Wereldkampioenschap Junior Squash in Canada, een ware bekroning van hun jarenlange juniorencarri\u00e8re. Aan hun zijde kunnen zij rekenen op de ervaring en steun van Annabel Romedenne, erkend nationale en Franstalige coach, die hen zal begeleiden in dit avontuur.<br>Maar topsport brengt hoge kosten met zich mee. Reizen, verblijf, inschrijvingen, materiaal, voorbereiding\u2026 elke bijdrage, klein of groot, brengt hen dichter bij hun doel en stelt hen in staat Belgi\u00eb en Walloni\u00eb met trots te vertegenwoordigen op het internationale toneel. Squash is vandaag minder populair dan vroeger en beschikt over beperktere middelen. In deze context zijn de federaties momenteel niet in staat om financi\u00eble steun te verlenen voor wereldwijde evenementen zoals dit, maar zij blijven ons wel ondersteunen op het vlak van zichtbaarheid en sportieve erkenning.<\/p>\n\n\n\n<p><strong><a href=\"https:\/\/squash-alice-and-coco.world\/index.php\/nous-soutenir\/\" data-type=\"page\" data-id=\"64\" style=\"color:rgb(0,0,0);text-decoration:none\">Met uw steun<\/a><\/strong> financiert u niet alleen een reis:<br>U biedt Alice en Corentin de kans om hun juniorenparcours op de mooist mogelijke manier af te sluiten.<br>U steunt twee dynamische jongeren die arbeid, doorzettingsvermogen en passie belichamen.<br>U helpt mee aan het schrijven van een hoofdstuk in de Belgische en Waalse sportgeschiedenis dat hen zal inspireren in hun toekomstige carri\u00e8res en ongetwijfeld ook andere toekomstige kampioenen nieuwe dromen en doelen zal geven.<\/p>\n\n\n\n<p>Laten we hen samen helpen deze laatste stap richting hun droom te zetten. Hartelijk dank aan iedereen die bijdraagt aan de verwezenlijking van dit doel!<br>Het bedrag van \u20ac10.000 is de som die zij samen met hun ouders denken nodig te hebben om dit grote project te realiseren. Elke kleine of grote bijdrage telt.<\/p>\n<\/div>\n<\/div>\n<\/div>\n\n\n\n<h2 class=\"wp-block-heading\">Soutenez les deux champions de Belgique junior 2026 vers un r\u00eave sportif&nbsp;!<\/h2>\n\n\n\n<p><a style=\"color:rgb(0,0,0);text-decoration:none\" href=\"https:\/\/squash-alice-and-coco.world\/index.php\/les-sportifs\/\" target=\"_blank\"><strong>Alice Allard et Corentin Boniver<\/strong><\/a>, deux jeunes athl\u00e8tes passionn\u00e9s de squash, travaillent depuis des ann\u00e9es avec d\u00e9termination et ambition. Toujours pr\u00eats \u00e0 repousser leurs limites, ils ont consacr\u00e9 leur jeunesse au sport de haut niveau. Voyez par vous m\u00eame dans cette courte <strong><a href=\"https:\/\/www.youtube.com\/shorts\/-xQvVa42a2g\" style=\"color:rgb(0,0,0);text-decoration:none\" target=\"_blank\">vid\u00e9o<\/a><\/strong> qui vous en mettra assur\u00e9ment plein les yeux !<br>Aujourd\u2019hui, une belle opportunit\u00e9 s\u2019offre \u00e0 eux : participer en juillet 2026, au Canada, aux Championnats du Monde Junior de squash, un v\u00e9ritable couronnement de leurs ann\u00e9es en junior. \u00c0 leurs c\u00f4t\u00e9s, ils pourront compter sur l\u2019exp\u00e9rience et le soutien d\u2019Annabel Romedenne, coach nationale et francophone reconnue, qui les accompagnera dans cette aventure.<br>Mais le sport de haut niveau co\u00fbte cher. Voyages, logement, inscriptions, mat\u00e9riel\u2026 chaque contribution, petite ou grande, les rapproche de leur objectif et leur permet de repr\u00e9senter fi\u00e8rement la Belgique et la Wallonie sur la sc\u00e8ne internationale. Malheureusement le squash n\u2019\u00e9tant pas un sport tr\u00e8s m\u00e9diatis\u00e9, les f\u00e9d\u00e9rations ne peuvent pas soutenir financi\u00e8rement les championnats du monde. Cependant, elles continuent de les soutenir en termes de visibilit\u00e9 et de reconnaissance sportive.<\/p>\n\n\n\n<p>En <a style=\"color:rgb(0,0,0);text-decoration:none\" href=\"https:\/\/squash-alice-and-coco.world\/index.php\/nous-soutenir\/\" data-type=\"page\" data-id=\"64\"><strong>soutenant le projet<\/strong><\/a>, vous ne financez pas seulement un voyage :<br>Vous offrez \u00e0 Alice et Corentin l\u2019occasion de cl\u00f4turer leur parcours junior de la plus belle des mani\u00e8res.<br>Vous soutenez deux jeunes dynamiques qui incarnent le travail, la pers\u00e9v\u00e9rance et la passion.<br>Vous contribuez \u00e0 \u00e9crire une page de sport wallon qui les inspirera pour leurs futures carri\u00e8res et qui donnera sans aucun doute envie \u00e0 d\u2019autres futurs champions de nouveaux r\u00eaves et de nouveaux objectifs.<br><\/p>\n\n\n\n<p>Ensemble, aidons-les \u00e0 franchir cette derni\u00e8re marche vers leur r\u00eave. Merci d\u2019avance \u00e0 tous ceux qui participeront \u00e0 l\u2019aboutissement de cet objectif !<br>L\u2019objectif financier : 10.000 \u20ac. C\u2019est la somme que nous devons r\u00e9unir pour concr\u00e9tiser ce grand projet. Chaque petite ou grande contribution compte.<\/p>\n","protected":false},"excerpt":{"rendered":"<p>Soutenez les deux champions de Belgique junior 2026 vers un r\u00eave sportif&nbsp;! Alice Allard et Corentin Boniver, deux jeunes athl\u00e8tes passionn\u00e9s de squash, travaillent depuis des ann\u00e9es avec d\u00e9termination et ambition. Toujours pr\u00eats \u00e0 repousser leurs limites, ils ont consacr\u00e9 leur jeunesse au sport de haut niveau. Voyez par vous m\u00eame dans cette courte vid\u00e9o&#8230;<\/p>\n","protected":false},"author":1,"featured_media":0,"parent":0,"menu_order":10,"comment_status":"closed","ping_status":"closed","template":"","meta":{"_kad_post_transparent":"","_kad_post_title":"","_kad_post_layout":"left","_kad_post_sidebar_id":"sidebar-primary","_kad_post_content_style":"","_kad_post_vertical_padding":"","_kad_post_feature":"","_kad_post_feature_position":"","_kad_post_header":false,"_kad_post_footer":false,"_kad_post_classname":"","footnotes":""},"class_list":["post-2","page","type-page","status-publish","hentry"],"_links":{"self":[{"href":"https:\/\/squash-alice-and-coco.world\/index.php\/wp-json\/wp\/v2\/pages\/2","targetHints":{"allow":["GET"]}}],"collection":[{"href":"https:\/\/squash-alice-and-coco.world\/index.php\/wp-json\/wp\/v2\/pages"}],"about":[{"href":"https:\/\/squash-alice-and-coco.world\/index.php\/wp-json\/wp\/v2\/types\/page"}],"author":[{"embeddable":true,"href":"https:\/\/squash-alice-and-coco.world\/index.php\/wp-json\/wp\/v2\/users\/1"}],"replies":[{"embeddable":true,"href":"https:\/\/squash-alice-and-coco.world\/index.php\/wp-json\/wp\/v2\/comments?post=2"}],"version-history":[{"count":41,"href":"https:\/\/squash-alice-and-coco.world\/index.php\/wp-json\/wp\/v2\/pages\/2\/revisions"}],"predecessor-version":[{"id":299,"href":"https:\/\/squash-alice-and-coco.world\/index.php\/wp-json\/wp\/v2\/pages\/2\/revisions\/299"}],"wp:attachment":[{"href":"https:\/\/squash-alice-and-coco.world\/index.php\/wp-json\/wp\/v2\/media?parent=2"}],"curies":[{"name":"wp","href":"https:\/\/api.w.org\/{rel}","templated":true}]}}