{"id":22,"date":"2026-01-24T23:11:04","date_gmt":"2026-01-24T22:11:04","guid":{"rendered":"https:\/\/squash-alice-and-coco.world\/?page_id=22"},"modified":"2026-02-15T17:24:11","modified_gmt":"2026-02-15T16:24:11","slug":"les-sportifs","status":"publish","type":"page","link":"https:\/\/squash-alice-and-coco.world\/index.php\/les-sportifs\/","title":{"rendered":"Les sportifs"},"content":{"rendered":"\n<div class=\"wp-block-columns is-layout-flex wp-container-core-columns-is-layout-9d6595d7 wp-block-columns-is-layout-flex\">\n<div class=\"wp-block-column is-layout-flow wp-block-column-is-layout-flow\">\n<h2 class=\"wp-block-heading has-text-align-center\">Alice<\/h2>\n\n\n\n<figure class=\"wp-block-image size-full\"><img loading=\"lazy\" decoding=\"async\" width=\"847\" height=\"564\" src=\"https:\/\/squash-alice-and-coco.world\/wp-content\/uploads\/2026\/01\/photo_Alice_en_match_redim.jpg\" alt=\"\" class=\"wp-image-23\" srcset=\"https:\/\/squash-alice-and-coco.world\/wp-content\/uploads\/2026\/01\/photo_Alice_en_match_redim.jpg 847w, https:\/\/squash-alice-and-coco.world\/wp-content\/uploads\/2026\/01\/photo_Alice_en_match_redim-300x200.jpg 300w, https:\/\/squash-alice-and-coco.world\/wp-content\/uploads\/2026\/01\/photo_Alice_en_match_redim-768x511.jpg 768w\" sizes=\"auto, (max-width: 847px) 100vw, 847px\" \/><\/figure>\n\n\n\n<div data-wp-context=\"{ &quot;autoclose&quot;: false, &quot;accordionItems&quot;: [] }\" data-wp-interactive=\"core\/accordion\" role=\"group\" class=\"wp-block-accordion is-layout-flow wp-block-accordion-is-layout-flow\">\n<div data-wp-class--is-open=\"state.isOpen\" data-wp-context=\"{ &quot;id&quot;: &quot;accordion-item-1&quot;, &quot;openByDefault&quot;: false }\" data-wp-init=\"callbacks.initAccordionItems\" data-wp-on-window--hashchange=\"callbacks.hashChange\" class=\"wp-block-accordion-item is-layout-flow wp-block-accordion-item-is-layout-flow\">\n<h3 class=\"wp-block-accordion-heading\"><button aria-expanded=\"false\" aria-controls=\"accordion-item-1-panel\" data-wp-bind--aria-expanded=\"state.isOpen\" data-wp-on--click=\"actions.toggle\" data-wp-on--keydown=\"actions.handleKeyDown\" id=\"accordion-item-1\" type=\"button\" class=\"wp-block-accordion-heading__toggle\"><span class=\"wp-block-accordion-heading__toggle-title\">Une passion de famille<\/span><span class=\"wp-block-accordion-heading__toggle-icon\" aria-hidden=\"true\">+<\/span><\/button><\/h3>\n\n\n\n<div inert aria-labelledby=\"accordion-item-1\" data-wp-bind--inert=\"!state.isOpen\" id=\"accordion-item-1-panel\" role=\"region\" class=\"wp-block-accordion-panel is-layout-flow wp-block-accordion-panel-is-layout-flow\">\n<p>Mon histoire avec le squash a d\u00e9but\u00e9 d\u00e8s l&rsquo;\u00e2ge de 8 ans. Initi\u00e9e par mon p\u00e8re et mon fr\u00e8re, j&rsquo;ai rapidement rejoint la dynamique familiale \u00e0 leurs c\u00f4t\u00e9s. Plus jeune, j&rsquo;ai explor\u00e9 des univers vari\u00e9s comme la natation, la danse ou l&rsquo;escalade, des sports qui m&rsquo;ont permis de d\u00e9velopper mon agilit\u00e9 et ma force physique. Cependant, l&rsquo;appel du terrain a fini par l&#8217;emporter : vers mes 12 ans, j&rsquo;ai choisi de d\u00e9laisser progressivement ces autres activit\u00e9s pour me consacrer pleinement et passionn\u00e9ment au squash.<\/p>\n<\/div>\n<\/div>\n<\/div>\n\n\n\n<div data-wp-context=\"{ &quot;autoclose&quot;: false, &quot;accordionItems&quot;: [] }\" data-wp-interactive=\"core\/accordion\" role=\"group\" class=\"wp-block-accordion is-layout-flow wp-block-accordion-is-layout-flow\">\n<div data-wp-class--is-open=\"state.isOpen\" data-wp-context=\"{ &quot;id&quot;: &quot;accordion-item-2&quot;, &quot;openByDefault&quot;: false }\" data-wp-init=\"callbacks.initAccordionItems\" data-wp-on-window--hashchange=\"callbacks.hashChange\" class=\"wp-block-accordion-item is-layout-flow wp-block-accordion-item-is-layout-flow\">\n<h3 class=\"wp-block-accordion-heading\"><button aria-expanded=\"false\" aria-controls=\"accordion-item-2-panel\" data-wp-bind--aria-expanded=\"state.isOpen\" data-wp-on--click=\"actions.toggle\" data-wp-on--keydown=\"actions.handleKeyDown\" id=\"accordion-item-2\" type=\"button\" class=\"wp-block-accordion-heading__toggle\"><span class=\"wp-block-accordion-heading__toggle-title\">L&rsquo;\u00e9veil de la discipline<\/span><span class=\"wp-block-accordion-heading__toggle-icon\" aria-hidden=\"true\">+<\/span><\/button><\/h3>\n\n\n\n<div inert aria-labelledby=\"accordion-item-2\" data-wp-bind--inert=\"!state.isOpen\" id=\"accordion-item-2-panel\" role=\"region\" class=\"wp-block-accordion-panel is-layout-flow wp-block-accordion-panel-is-layout-flow\">\n<p>Le v\u00e9ritable tournant s&rsquo;est op\u00e9r\u00e9 \u00e0 mes 13\/14 ans. C&rsquo;est \u00e0 cet \u00e2ge que ma pratique a chang\u00e9 de dimension, passant d&rsquo;un loisir r\u00e9gulier \u00e0 un engagement de haut niveau. J&rsquo;ai alors structur\u00e9 mon quotidien autour d&rsquo;entra\u00eenements plus intensifs, apprenant \u00e0 b\u00e2tir une discipline de fer et une rigueur constante. Cette exigence personnelle est devenue le socle de ma progression, me permettant de transformer ma passion familiale en un v\u00e9ritable projet de performance sportive.<\/p>\n<\/div>\n<\/div>\n<\/div>\n\n\n\n<h3 class=\"wp-block-heading\">CV sportif<\/h3>\n\n\n\n<div data-wp-context=\"{ &quot;autoclose&quot;: false, &quot;accordionItems&quot;: [] }\" data-wp-interactive=\"core\/accordion\" role=\"group\" class=\"wp-block-accordion is-layout-flow wp-block-accordion-is-layout-flow\"><\/div>\n\n\n\n<figure class=\"wp-block-image size-large\"><img loading=\"lazy\" decoding=\"async\" width=\"724\" height=\"1024\" src=\"https:\/\/squash-alice-and-coco.world\/wp-content\/uploads\/2026\/01\/CV-Alice_sportif_v20260124-724x1024.png\" alt=\"\" class=\"wp-image-43\" srcset=\"https:\/\/squash-alice-and-coco.world\/wp-content\/uploads\/2026\/01\/CV-Alice_sportif_v20260124-724x1024.png 724w, https:\/\/squash-alice-and-coco.world\/wp-content\/uploads\/2026\/01\/CV-Alice_sportif_v20260124-212x300.png 212w, https:\/\/squash-alice-and-coco.world\/wp-content\/uploads\/2026\/01\/CV-Alice_sportif_v20260124-768x1086.png 768w, https:\/\/squash-alice-and-coco.world\/wp-content\/uploads\/2026\/01\/CV-Alice_sportif_v20260124-1086x1536.png 1086w, https:\/\/squash-alice-and-coco.world\/wp-content\/uploads\/2026\/01\/CV-Alice_sportif_v20260124-1448x2048.png 1448w, https:\/\/squash-alice-and-coco.world\/wp-content\/uploads\/2026\/01\/CV-Alice_sportif_v20260124-scaled.png 1811w\" sizes=\"auto, (max-width: 724px) 100vw, 724px\" \/><\/figure>\n<\/div>\n\n\n\n<div class=\"wp-block-column is-layout-flow wp-block-column-is-layout-flow\">\n<h2 class=\"wp-block-heading has-text-align-center\">Corentin<\/h2>\n\n\n\n<figure class=\"wp-block-image size-full\"><img loading=\"lazy\" decoding=\"async\" width=\"847\" height=\"565\" src=\"http:\/\/squash-alice-and-coco.world\/wp-content\/uploads\/2026\/01\/Corentin_concours_photo_NathG_reidm.jpg\" alt=\"\" class=\"wp-image-26\" srcset=\"https:\/\/squash-alice-and-coco.world\/wp-content\/uploads\/2026\/01\/Corentin_concours_photo_NathG_reidm.jpg 847w, https:\/\/squash-alice-and-coco.world\/wp-content\/uploads\/2026\/01\/Corentin_concours_photo_NathG_reidm-300x200.jpg 300w, https:\/\/squash-alice-and-coco.world\/wp-content\/uploads\/2026\/01\/Corentin_concours_photo_NathG_reidm-768x512.jpg 768w\" sizes=\"auto, (max-width: 847px) 100vw, 847px\" \/><\/figure>\n\n\n\n<div data-wp-context=\"{ &quot;autoclose&quot;: false, &quot;accordionItems&quot;: [] }\" data-wp-interactive=\"core\/accordion\" role=\"group\" class=\"wp-block-accordion is-layout-flow wp-block-accordion-is-layout-flow\">\n<div data-wp-class--is-open=\"state.isOpen\" data-wp-context=\"{ &quot;id&quot;: &quot;accordion-item-3&quot;, &quot;openByDefault&quot;: false }\" data-wp-init=\"callbacks.initAccordionItems\" data-wp-on-window--hashchange=\"callbacks.hashChange\" class=\"wp-block-accordion-item is-layout-flow wp-block-accordion-item-is-layout-flow\">\n<h3 class=\"wp-block-accordion-heading\"><button aria-expanded=\"false\" aria-controls=\"accordion-item-3-panel\" data-wp-bind--aria-expanded=\"state.isOpen\" data-wp-on--click=\"actions.toggle\" data-wp-on--keydown=\"actions.handleKeyDown\" id=\"accordion-item-3\" type=\"button\" class=\"wp-block-accordion-heading__toggle\"><span class=\"wp-block-accordion-heading__toggle-title\">Les d\u00e9buts<\/span><span class=\"wp-block-accordion-heading__toggle-icon\" aria-hidden=\"true\">+<\/span><\/button><\/h3>\n\n\n\n<div inert aria-labelledby=\"accordion-item-3\" data-wp-bind--inert=\"!state.isOpen\" id=\"accordion-item-3-panel\" role=\"region\" class=\"wp-block-accordion-panel is-layout-flow wp-block-accordion-panel-is-layout-flow\">\n<p>Rien ne pr\u00e9disposait Corentin \u00e0 tomber dans la marmite du squash. \u00c0 l\u2019\u00e2ge de 8 ans, un camarade de classe l\u2019invite \u00e0 une f\u00eate d\u2019anniversaire qui se d\u00e9roule sur un terrain de squash. Au sortir de l\u2019activit\u00e9, la monitrice demande qui sont les parents de Corentin. Craignant une b\u00eatise, ceux-ci se d\u00e9signent. La monitrice encha\u00eene : \u00ab Je veux bien donner cours \u00e0 votre fils, il a des dispositions ! \u00bb Corentin ne demande pas mieux\u2026<br>Un parcours d\u2019entra\u00eenement r\u00e9gulier, tant\u00f4t ludique, tant\u00f4t opini\u00e2tre, commence. Depuis septembre 2020, Corentin suit un programme scolaire adapt\u00e9 \u00ab squash-\u00e9tudes \u00bb.<br>Il fait preuve d\u2019une grande r\u00e9gularit\u00e9, d\u2019une explosivit\u00e9 physique et d\u2019un mental hors pairs.<\/p>\n<\/div>\n<\/div>\n<\/div>\n\n\n\n<div data-wp-context=\"{ &quot;autoclose&quot;: false, &quot;accordionItems&quot;: [] }\" data-wp-interactive=\"core\/accordion\" role=\"group\" class=\"wp-block-accordion is-layout-flow wp-block-accordion-is-layout-flow\">\n<div data-wp-class--is-open=\"state.isOpen\" data-wp-context=\"{ &quot;id&quot;: &quot;accordion-item-4&quot;, &quot;openByDefault&quot;: false }\" data-wp-init=\"callbacks.initAccordionItems\" data-wp-on-window--hashchange=\"callbacks.hashChange\" class=\"wp-block-accordion-item is-layout-flow wp-block-accordion-item-is-layout-flow\">\n<h3 class=\"wp-block-accordion-heading\"><button aria-expanded=\"false\" aria-controls=\"accordion-item-4-panel\" data-wp-bind--aria-expanded=\"state.isOpen\" data-wp-on--click=\"actions.toggle\" data-wp-on--keydown=\"actions.handleKeyDown\" id=\"accordion-item-4\" type=\"button\" class=\"wp-block-accordion-heading__toggle\"><span class=\"wp-block-accordion-heading__toggle-title\">Premiers r\u00e9sultats<\/span><span class=\"wp-block-accordion-heading__toggle-icon\" aria-hidden=\"true\">+<\/span><\/button><\/h3>\n\n\n\n<div inert aria-labelledby=\"accordion-item-4\" data-wp-bind--inert=\"!state.isOpen\" id=\"accordion-item-4-panel\" role=\"region\" class=\"wp-block-accordion-panel is-layout-flow wp-block-accordion-panel-is-layout-flow\">\n<p>Petit \u00e0 petit, le succ\u00e8s est au rendez-vous et Corentin pers\u00e9v\u00e8re pendant les p\u00e9riodes de confinement dues au Covid-19 : le succ\u00e8s est de retour en 2022 avec un titre de champion de Belgique pour sa 1e participation en moins de 15 ans et une titularisation en \u00e9quipe nationale, avec laquelle il d\u00e9croche le championnat d\u2019Europe par \u00e9quipes dans sa cat\u00e9gorie d\u2019\u00e2ge.<br>Sa titularisation en \u00e9quipe nationale depuis lors a \u00e9t\u00e9 renouvel\u00e9e en U17 et en U19 ; les titres de champion de Belgique \u00e9galement en U17.<\/p>\n<\/div>\n<\/div>\n<\/div>\n\n\n\n<h3 class=\"wp-block-heading\">CV sportif<\/h3>\n\n\n\n<figure class=\"wp-block-image size-large\"><img loading=\"lazy\" decoding=\"async\" width=\"725\" height=\"1024\" src=\"https:\/\/squash-alice-and-coco.world\/wp-content\/uploads\/2026\/01\/CV-Corentin_sportif-1-725x1024.png\" alt=\"\" class=\"wp-image-134\" srcset=\"https:\/\/squash-alice-and-coco.world\/wp-content\/uploads\/2026\/01\/CV-Corentin_sportif-1-725x1024.png 725w, https:\/\/squash-alice-and-coco.world\/wp-content\/uploads\/2026\/01\/CV-Corentin_sportif-1-212x300.png 212w, https:\/\/squash-alice-and-coco.world\/wp-content\/uploads\/2026\/01\/CV-Corentin_sportif-1-768x1085.png 768w, https:\/\/squash-alice-and-coco.world\/wp-content\/uploads\/2026\/01\/CV-Corentin_sportif-1-1087x1536.png 1087w, https:\/\/squash-alice-and-coco.world\/wp-content\/uploads\/2026\/01\/CV-Corentin_sportif-1.png 1241w\" sizes=\"auto, (max-width: 725px) 100vw, 725px\" \/><\/figure>\n<\/div>\n<\/div>\n\n\n\n<h2 class=\"wp-block-heading\">T\u00e9l\u00e9chargements<\/h2>\n\n\n\n<p>T\u00e9l\u00e9chargez les CV sportifs en format PDF&nbsp;: pour Alice c&rsquo;est <a style=\"color:rgb(0,0,0);text-decoration:none\" href=\"http:\/\/squash-alice-and-coco.world\/wp-content\/uploads\/2026\/01\/CV-Alice_sportif_v20260124.pdf\"><strong>ici<\/strong><\/a>, et pour Corentin&nbsp;: <a style=\"color:rgb(0,0,0);text-decoration:none\" href=\"https:\/\/squash-alice-and-coco.world\/wp-content\/uploads\/2026\/01\/CV-Corentin_sportif_v20260126.pdf\" data-type=\"attachment\" data-id=\"137\"><strong>ici<\/strong><\/a>.<\/p>\n","protected":false},"excerpt":{"rendered":"<p>Alice CV sportif Corentin CV sportif T\u00e9l\u00e9chargements T\u00e9l\u00e9chargez les CV sportifs en format PDF&nbsp;: pour Alice c&rsquo;est ici, et pour Corentin&nbsp;: ici.<\/p>\n","protected":false},"author":1,"featured_media":0,"parent":0,"menu_order":20,"comment_status":"closed","ping_status":"closed","template":"","meta":{"_kad_post_transparent":"","_kad_post_title":"","_kad_post_layout":"","_kad_post_sidebar_id":"","_kad_post_content_style":"","_kad_post_vertical_padding":"","_kad_post_feature":"","_kad_post_feature_position":"","_kad_post_header":false,"_kad_post_footer":false,"_kad_post_classname":"","footnotes":""},"class_list":["post-22","page","type-page","status-publish","hentry"],"_links":{"self":[{"href":"https:\/\/squash-alice-and-coco.world\/index.php\/wp-json\/wp\/v2\/pages\/22","targetHints":{"allow":["GET"]}}],"collection":[{"href":"https:\/\/squash-alice-and-coco.world\/index.php\/wp-json\/wp\/v2\/pages"}],"about":[{"href":"https:\/\/squash-alice-and-coco.world\/index.php\/wp-json\/wp\/v2\/types\/page"}],"author":[{"embeddable":true,"href":"https:\/\/squash-alice-and-coco.world\/index.php\/wp-json\/wp\/v2\/users\/1"}],"replies":[{"embeddable":true,"href":"https:\/\/squash-alice-and-coco.world\/index.php\/wp-json\/wp\/v2\/comments?post=22"}],"version-history":[{"count":51,"href":"https:\/\/squash-alice-and-coco.world\/index.php\/wp-json\/wp\/v2\/pages\/22\/revisions"}],"predecessor-version":[{"id":302,"href":"https:\/\/squash-alice-and-coco.world\/index.php\/wp-json\/wp\/v2\/pages\/22\/revisions\/302"}],"wp:attachment":[{"href":"https:\/\/squash-alice-and-coco.world\/index.php\/wp-json\/wp\/v2\/media?parent=22"}],"curies":[{"name":"wp","href":"https:\/\/api.w.org\/{rel}","templated":true}]}}