{"id":270,"date":"2026-02-09T17:53:35","date_gmt":"2026-02-09T16:53:35","guid":{"rendered":"https:\/\/squash-alice-and-coco.world\/?page_id=270"},"modified":"2026-02-15T17:28:54","modified_gmt":"2026-02-15T16:28:54","slug":"nos-soutiens","status":"publish","type":"page","link":"https:\/\/squash-alice-and-coco.world\/index.php\/nos-soutiens\/","title":{"rendered":"Nos sponsors"},"content":{"rendered":"\n<h3 class=\"wp-block-heading\">Nos sponsors existants, les organismes et les personnes qui nous soutiennent par leur temps\u2026<\/h3>\n\n\n\n<p>L&rsquo;\u00e9quipementier <strong><a style=\"color:rgb(0,0,0);text-decoration:none\" href=\"https:\/\/dunlopsports.com\/\" target=\"_blank\">Dunlop<\/a><\/strong>, le <strong><a style=\"color:rgb(0,0,0);text-decoration:none\" href=\"https:\/\/www.squash22.be\/\" target=\"_blank\">Squash 22<\/a><\/strong> (soir\u00e9e du 7 mars &#8211; et accueil chaleureux au quotidien), le <strong><a style=\"color:rgb(0,0,0);text-decoration:none\" href=\"https:\/\/www.lewam.com\/\" target=\"_blank\">WAM<\/a><\/strong>, la <strong><a style=\"color:rgb(0,0,0);text-decoration:none\" href=\"https:\/\/www.lfsquash.be\/\" target=\"_blank\">Ligue Francophone de Squash<\/a><\/strong> de bien des fa\u00e7ons et particuli\u00e8rement ces jours-ci d&rsquo;Emeline Nihoul pour les \u00e9l\u00e9ments graphiques et la communication, Lucas Pascolo qui vous en met <strong><a style=\"color:rgb(0,0,0);text-decoration:none\" href=\"https:\/\/www.youtube.com\/shorts\/-xQvVa42a2g\" target=\"_blank\">plein les yeux en 1\u201927\u201d<\/a><\/strong> et la longue liste de ceux qui se reconna\u00eetront !<\/p>\n\n\n\n<figure class=\"wp-block-image size-large is-resized\"><img loading=\"lazy\" decoding=\"async\" width=\"1024\" height=\"253\" src=\"https:\/\/squash-alice-and-coco.world\/wp-content\/uploads\/2026\/02\/DUNLOP-COMBINED-LOGO-white-block-out-of-black-1-1024x253.jpg\" alt=\"\" class=\"wp-image-283\" style=\"width:301px;height:auto\" srcset=\"https:\/\/squash-alice-and-coco.world\/wp-content\/uploads\/2026\/02\/DUNLOP-COMBINED-LOGO-white-block-out-of-black-1-1024x253.jpg 1024w, https:\/\/squash-alice-and-coco.world\/wp-content\/uploads\/2026\/02\/DUNLOP-COMBINED-LOGO-white-block-out-of-black-1-300x74.jpg 300w, https:\/\/squash-alice-and-coco.world\/wp-content\/uploads\/2026\/02\/DUNLOP-COMBINED-LOGO-white-block-out-of-black-1-768x189.jpg 768w, https:\/\/squash-alice-and-coco.world\/wp-content\/uploads\/2026\/02\/DUNLOP-COMBINED-LOGO-white-block-out-of-black-1-1536x379.jpg 1536w, https:\/\/squash-alice-and-coco.world\/wp-content\/uploads\/2026\/02\/DUNLOP-COMBINED-LOGO-white-block-out-of-black-1.jpg 1841w\" sizes=\"auto, (max-width: 1024px) 100vw, 1024px\" \/><\/figure>\n\n\n\n<figure class=\"wp-block-image size-large is-resized\"><img loading=\"lazy\" decoding=\"async\" width=\"964\" height=\"1024\" src=\"https:\/\/squash-alice-and-coco.world\/wp-content\/uploads\/2026\/02\/LOGO-22_CMJN-general-964x1024.jpg\" alt=\"\" class=\"wp-image-285\" style=\"aspect-ratio:0.9414197210608234;width:163px;height:auto\" srcset=\"https:\/\/squash-alice-and-coco.world\/wp-content\/uploads\/2026\/02\/LOGO-22_CMJN-general-964x1024.jpg 964w, https:\/\/squash-alice-and-coco.world\/wp-content\/uploads\/2026\/02\/LOGO-22_CMJN-general-282x300.jpg 282w, https:\/\/squash-alice-and-coco.world\/wp-content\/uploads\/2026\/02\/LOGO-22_CMJN-general-768x816.jpg 768w, https:\/\/squash-alice-and-coco.world\/wp-content\/uploads\/2026\/02\/LOGO-22_CMJN-general-1446x1536.jpg 1446w, https:\/\/squash-alice-and-coco.world\/wp-content\/uploads\/2026\/02\/LOGO-22_CMJN-general.jpg 1890w\" sizes=\"auto, (max-width: 964px) 100vw, 964px\" \/><\/figure>\n\n\n\n<figure class=\"wp-block-image size-large is-resized\"><img loading=\"lazy\" decoding=\"async\" width=\"1024\" height=\"689\" src=\"https:\/\/squash-alice-and-coco.world\/wp-content\/uploads\/2026\/02\/LFS-rouge-1024x689.png\" alt=\"\" class=\"wp-image-284\" style=\"aspect-ratio:1.4862229277695884;width:157px;height:auto\" srcset=\"https:\/\/squash-alice-and-coco.world\/wp-content\/uploads\/2026\/02\/LFS-rouge-1024x689.png 1024w, https:\/\/squash-alice-and-coco.world\/wp-content\/uploads\/2026\/02\/LFS-rouge-300x202.png 300w, https:\/\/squash-alice-and-coco.world\/wp-content\/uploads\/2026\/02\/LFS-rouge-768x516.png 768w, https:\/\/squash-alice-and-coco.world\/wp-content\/uploads\/2026\/02\/LFS-rouge.png 1441w\" sizes=\"auto, (max-width: 1024px) 100vw, 1024px\" \/><\/figure>\n\n\n\n<figure class=\"wp-block-image size-full is-resized\"><img loading=\"lazy\" decoding=\"async\" width=\"334\" height=\"100\" src=\"https:\/\/squash-alice-and-coco.world\/wp-content\/uploads\/2026\/02\/wamlogo-hd.jpg\" alt=\"\" class=\"wp-image-286\" style=\"aspect-ratio:3.340365682137834;width:211px;height:auto\" srcset=\"https:\/\/squash-alice-and-coco.world\/wp-content\/uploads\/2026\/02\/wamlogo-hd.jpg 334w, https:\/\/squash-alice-and-coco.world\/wp-content\/uploads\/2026\/02\/wamlogo-hd-300x90.jpg 300w\" sizes=\"auto, (max-width: 334px) 100vw, 334px\" \/><\/figure>\n\n\n\n<p>Viendrez-vous ajouter votre nom sur cette page ? N&rsquo;h\u00e9sitez pas \u00e0 envoyer un petit mot \u00e0 <strong>contact@squash-alice-and-coco.world<\/strong> !<\/p>\n","protected":false},"excerpt":{"rendered":"<p>Nos sponsors existants, les organismes et les personnes qui nous soutiennent par leur temps\u2026 L&rsquo;\u00e9quipementier Dunlop, le Squash 22 (soir\u00e9e du 7 mars &#8211; et accueil chaleureux au quotidien), le WAM, la Ligue Francophone de Squash de bien des fa\u00e7ons et particuli\u00e8rement ces jours-ci d&rsquo;Emeline Nihoul pour les \u00e9l\u00e9ments graphiques et la communication, Lucas Pascolo&#8230;<\/p>\n","protected":false},"author":1,"featured_media":0,"parent":0,"menu_order":0,"comment_status":"closed","ping_status":"closed","template":"","meta":{"_kad_post_transparent":"","_kad_post_title":"","_kad_post_layout":"","_kad_post_sidebar_id":"","_kad_post_content_style":"","_kad_post_vertical_padding":"","_kad_post_feature":"","_kad_post_feature_position":"","_kad_post_header":false,"_kad_post_footer":false,"_kad_post_classname":"","footnotes":""},"class_list":["post-270","page","type-page","status-publish","hentry"],"_links":{"self":[{"href":"https:\/\/squash-alice-and-coco.world\/index.php\/wp-json\/wp\/v2\/pages\/270","targetHints":{"allow":["GET"]}}],"collection":[{"href":"https:\/\/squash-alice-and-coco.world\/index.php\/wp-json\/wp\/v2\/pages"}],"about":[{"href":"https:\/\/squash-alice-and-coco.world\/index.php\/wp-json\/wp\/v2\/types\/page"}],"author":[{"embeddable":true,"href":"https:\/\/squash-alice-and-coco.world\/index.php\/wp-json\/wp\/v2\/users\/1"}],"replies":[{"embeddable":true,"href":"https:\/\/squash-alice-and-coco.world\/index.php\/wp-json\/wp\/v2\/comments?post=270"}],"version-history":[{"count":17,"href":"https:\/\/squash-alice-and-coco.world\/index.php\/wp-json\/wp\/v2\/pages\/270\/revisions"}],"predecessor-version":[{"id":304,"href":"https:\/\/squash-alice-and-coco.world\/index.php\/wp-json\/wp\/v2\/pages\/270\/revisions\/304"}],"wp:attachment":[{"href":"https:\/\/squash-alice-and-coco.world\/index.php\/wp-json\/wp\/v2\/media?parent=270"}],"curies":[{"name":"wp","href":"https:\/\/api.w.org\/{rel}","templated":true}]}}