{"id":68,"date":"2026-01-25T00:19:44","date_gmt":"2026-01-24T23:19:44","guid":{"rendered":"https:\/\/squash-alice-and-coco.world\/?page_id=68"},"modified":"2026-01-25T09:36:35","modified_gmt":"2026-01-25T08:36:35","slug":"le-mot-de-la-coach","status":"publish","type":"page","link":"https:\/\/squash-alice-and-coco.world\/index.php\/le-mot-de-la-coach\/","title":{"rendered":"Le mot de la coach"},"content":{"rendered":"\n<div class=\"wp-block-columns is-layout-flex wp-container-core-columns-is-layout-9d6595d7 wp-block-columns-is-layout-flex\">\n<div class=\"wp-block-column is-layout-flow wp-block-column-is-layout-flow\" style=\"flex-basis:66.66%\">\n<blockquote class=\"wp-block-quote is-layout-flow wp-block-quote-is-layout-flow\">\n<p class=\"has-text-align-center has-medium-font-size\">\n <em>Je suis tr\u00e8s heureuse d&rsquo;accompagner Alice et Coco \n aux Championnats du Monde, \u00e0 Toronto.\n <br>Ce sont 2 super athl\u00e8tes sympathiques, enthousiastes et pers\u00e9v\u00e9rants qui, \n depuis tr\u00e8s jeunes, s&rsquo;investissent \u00e9norm\u00e9ment dans leur sport.\n Motiv\u00e9s et d\u00e9termin\u00e9s, ils continuent \u00e0 progresser jour apr\u00e8s jour, \n au prix, souvent, de nombreux sacrifices.\n <br>Au fil des ann\u00e9es, leurs r\u00e9sultats, en parall\u00e8le avec leurs \u00e9tudes, sont vraiment impressionnants.\n Humainement ce sont \u00e9galement deux jeunes belles personnes qui transmettent des valeurs de respect, d&rsquo;honn\u00eatet\u00e9 et de fair-play&nbsp;; et qui les font vivre sur le court.\n Aujourd&rsquo;hui, notre passion commune pour le squash et notre belle complicit\u00e9 \n nous r\u00e9unissent dans cette exp\u00e9rience inoubliable qui leur permettra, j&rsquo;en suis certaine, \n d&rsquo;\u00e9voluer \u00e0 nouveau et de se r\u00e9aliser.\n <br>Merci \u00e0 vous de nous suivre et de contribuer g\u00e9n\u00e9reusement \u00e0 \n l&rsquo;aventure sportive et humaine de notre trio&nbsp;! \n <\/em>\n<\/p>\n\n\n\n<p class=\"has-medium-font-size\" style=\"border-style:none;border-width:0px\"><em>Annabel<\/em><\/p>\n<\/blockquote>\n<\/div>\n\n\n\n<div class=\"wp-block-column is-layout-flow wp-block-column-is-layout-flow\" style=\"flex-basis:33.33%\">\n<figure class=\"wp-block-image size-large\"><img loading=\"lazy\" decoding=\"async\" width=\"781\" height=\"1024\" src=\"https:\/\/squash-alice-and-coco.world\/wp-content\/uploads\/2026\/01\/annabel_citation-781x1024.jpg\" alt=\"\" class=\"wp-image-86\" srcset=\"https:\/\/squash-alice-and-coco.world\/wp-content\/uploads\/2026\/01\/annabel_citation-781x1024.jpg 781w, https:\/\/squash-alice-and-coco.world\/wp-content\/uploads\/2026\/01\/annabel_citation-229x300.jpg 229w, https:\/\/squash-alice-and-coco.world\/wp-content\/uploads\/2026\/01\/annabel_citation-768x1007.jpg 768w, https:\/\/squash-alice-and-coco.world\/wp-content\/uploads\/2026\/01\/annabel_citation-1171x1536.jpg 1171w, https:\/\/squash-alice-and-coco.world\/wp-content\/uploads\/2026\/01\/annabel_citation.jpg 1203w\" sizes=\"auto, (max-width: 781px) 100vw, 781px\" \/><\/figure>\n<\/div>\n<\/div>\n","protected":false},"excerpt":{"rendered":"<p>Je suis tr\u00e8s heureuse d&rsquo;accompagner Alice et Coco aux Championnats du Monde, \u00e0 Toronto. Ce sont 2 super athl\u00e8tes sympathiques, enthousiastes et pers\u00e9v\u00e9rants qui, depuis tr\u00e8s jeunes, s&rsquo;investissent \u00e9norm\u00e9ment dans leur sport. Motiv\u00e9s et d\u00e9termin\u00e9s, ils continuent \u00e0 progresser jour apr\u00e8s jour, au prix, souvent, de nombreux sacrifices. Au fil des ann\u00e9es, leurs r\u00e9sultats, en&#8230;<\/p>\n","protected":false},"author":1,"featured_media":0,"parent":0,"menu_order":30,"comment_status":"closed","ping_status":"closed","template":"","meta":{"_kad_post_transparent":"","_kad_post_title":"","_kad_post_layout":"","_kad_post_sidebar_id":"","_kad_post_content_style":"","_kad_post_vertical_padding":"","_kad_post_feature":"","_kad_post_feature_position":"","_kad_post_header":false,"_kad_post_footer":false,"_kad_post_classname":"","footnotes":""},"class_list":["post-68","page","type-page","status-publish","hentry"],"_links":{"self":[{"href":"https:\/\/squash-alice-and-coco.world\/index.php\/wp-json\/wp\/v2\/pages\/68","targetHints":{"allow":["GET"]}}],"collection":[{"href":"https:\/\/squash-alice-and-coco.world\/index.php\/wp-json\/wp\/v2\/pages"}],"about":[{"href":"https:\/\/squash-alice-and-coco.world\/index.php\/wp-json\/wp\/v2\/types\/page"}],"author":[{"embeddable":true,"href":"https:\/\/squash-alice-and-coco.world\/index.php\/wp-json\/wp\/v2\/users\/1"}],"replies":[{"embeddable":true,"href":"https:\/\/squash-alice-and-coco.world\/index.php\/wp-json\/wp\/v2\/comments?post=68"}],"version-history":[{"count":16,"href":"https:\/\/squash-alice-and-coco.world\/index.php\/wp-json\/wp\/v2\/pages\/68\/revisions"}],"predecessor-version":[{"id":133,"href":"https:\/\/squash-alice-and-coco.world\/index.php\/wp-json\/wp\/v2\/pages\/68\/revisions\/133"}],"wp:attachment":[{"href":"https:\/\/squash-alice-and-coco.world\/index.php\/wp-json\/wp\/v2\/media?parent=68"}],"curies":[{"name":"wp","href":"https:\/\/api.w.org\/{rel}","templated":true}]}}